{"id":1296,"date":"2025-07-31T11:51:43","date_gmt":"2025-07-31T11:51:43","guid":{"rendered":"https:\/\/suroprojectat.com\/?page_id=1296"},"modified":"2025-08-22T12:13:04","modified_gmt":"2025-08-22T12:13:04","slug":"declaracion-de-accesibilidad","status":"publish","type":"page","link":"https:\/\/suroprojectat.com\/es\/declaracion-de-accesibilidad\/","title":{"rendered":"Declaraci\u00f3n de accesibilidad"},"content":{"rendered":"<div data-elementor-type=\"wp-page\" data-elementor-id=\"1296\" class=\"elementor elementor-1296\" data-elementor-post-type=\"page\">\n\t\t\t\t<div class=\"elementor-element elementor-element-01d3067 e-flex e-con-boxed e-con e-parent\" data-id=\"01d3067\" data-element_type=\"container\" data-e-type=\"container\">\n\t\t\t\t\t<div class=\"e-con-inner\">\n\t\t\t\t<div class=\"elementor-element elementor-element-5093466 elementor-widget elementor-widget-heading\" data-id=\"5093466\" data-element_type=\"widget\" data-e-type=\"widget\" data-widget_type=\"heading.default\">\n\t\t\t\t\t<h1 class=\"elementor-heading-title elementor-size-default\">Declaraci\u00f3n de accesibilidad<\/h1>\t\t\t\t<\/div>\n\t\t\t\t<div class=\"elementor-element elementor-element-4bf0c6a elementor-widget elementor-widget-text-editor\" data-id=\"4bf0c6a\" data-element_type=\"widget\" data-e-type=\"widget\" data-widget_type=\"text-editor.default\">\n\t\t\t\t\t\t\t\t\t<p><span style=\"font-weight: 400;\">Estamos comprometidos a hacer accesible nuestro sitio web de conformidad con el Real decreto 1112\/2018, de 7 de septiembre, sobre la accesibilidad de los sitios web y aplicaciones para dispositivos m\u00f3viles del sector p\u00fablico (en adelante, Real decreto 1112\/2018, de 7 de septiembre).<\/span><\/p>\n<p><b>Situaci\u00f3n de cumplimiento<\/b><\/p>\n<p><span style=\"font-weight: 400;\">Este sitio web es parcialmente conforme al Real decreto 1112\/2018, de 7 de septiembre, debido a la falta de conformidad de los aspectos que se indican a continuaci\u00f3n.<\/span><\/p>\n<p><b>Contenido no accesible<\/b><\/p>\n<p><span style=\"font-weight: 400;\">El contenido que se recoge a continuaci\u00f3n no es accesible por las siguientes razones:<\/span><\/p>\n<ul>\n<li style=\"font-weight: 400;\" aria-level=\"1\"><span style=\"font-weight: 400;\">Carga desproporcionada: no se aplica.<\/span><\/li>\n<\/ul>\n<p><b>Preparaci\u00f3n de la presente declaraci\u00f3n de accesibilidad<\/b><\/p>\n<p><span style=\"font-weight: 400;\">La presente declaraci\u00f3n fue preparada el <\/span><b>1 de agosto de 2025<\/b><span style=\"font-weight: 400;\">. El m\u00e9todo empleado para preparar la declaraci\u00f3n ha sido una autoevaluaci\u00f3n realizada por el propio organismo.<\/span><\/p>\n<p><b>Observaciones y datos de contacto<\/b><\/p>\n<p><span style=\"font-weight: 400;\">Puede realizar comunicaciones sobre los requisitos de accesibilidad (art\u00edculo 10.2.a) del Real Decreto 1112\/2018, de 7 de septiembre), tales como:<\/span><\/p>\n<ul>\n<li style=\"font-weight: 400;\" aria-level=\"1\"><span style=\"font-weight: 400;\">Informar sobre cualquier posible incumplimiento por parte de este sitio web.<\/span><\/li>\n<li style=\"font-weight: 400;\" aria-level=\"1\"><span style=\"font-weight: 400;\">Transmitir otras dificultades de acceso al contenido.<\/span><\/li>\n<li style=\"font-weight: 400;\" aria-level=\"1\"><span style=\"font-weight: 400;\">Formular cualquier otra consulta o sugerencia de mejora relativa a la accesibilidad del sitio web.<\/span><\/li>\n<\/ul>\n<p><span style=\"font-weight: 400;\">A trav\u00e9s de las siguientes v\u00edas:<\/span><\/p>\n<ul>\n<li aria-level=\"1\"><b>Correo electr\u00f3nico:<\/b><b style=\"font-weight: 400;\">&nbsp;<\/b>suromira@suroprojectat.com<\/li>\n<li aria-level=\"1\"><b>Tel\u00e9fono:<\/b><b style=\"font-weight: 400;\"> <\/b>+34 676 97 82 46<\/li>\n<\/ul>\n<p><span style=\"font-weight: 400;\">Las comunicaciones ser\u00e1n recibidas y tratadas por la direcci\u00f3n de la empresa, como unidad responsable de los contenidos de este sitio web.<\/span><\/p>\n<p><b>Contenido opcional<\/b><\/p>\n<p><span style=\"font-weight: 400;\">La versi\u00f3n actualmente visible de este sitio web es <\/span><b>de<\/b><span style=\"font-weight: bold;\">agosto&nbsp;<\/span><b>de 2025<\/b><span style=\"font-weight: 400;\">&nbsp;y en esa fecha se hizo la revisi\u00f3n del nivel de accesibilidad vigente en ese momento. A partir de esa fecha, se llevan a cabo revisiones parciales diarias del contenido web nuevo o modificado, tanto de las plantillas como de las p\u00e1ginas y documentos finales publicados, a fin de asegurar el cumplimiento de los requisitos de accesibilidad de la Norma UNE-EN 301549:2019, considerando las excepciones del Real Decreto 1112\/70.<\/span><\/p>\n<p><span style=\"font-weight: 400;\">Entre otras, se adoptan las siguientes medidas para facilitar la accesibilidad:<\/span><\/p>\n<ul>\n<li style=\"font-weight: 400;\" aria-level=\"1\"><span style=\"font-weight: 400;\">Utilizaci\u00f3n de texto alternativo en las im\u00e1genes.<\/span><\/li>\n<li style=\"font-weight: 400;\" aria-level=\"1\"><span style=\"font-weight: 400;\">Los enlaces ofrecen detalles de la funci\u00f3n o destino del hiperv\u00ednculo.<\/span><\/li>\n<li style=\"font-weight: 400;\" aria-level=\"1\"><span style=\"font-weight: 400;\">Uso de los est\u00e1ndares de W3C: XHTML 1.0, CSS 3.0, WAI AA.<\/span><\/li>\n<\/ul>\t\t\t\t\t\t\t\t<\/div>\n\t\t\t\t\t<\/div>\n\t\t\t\t<\/div>\n\t\t\t\t<\/div>","protected":false},"excerpt":{"rendered":"<p>Estem compromesos a fer accessible el nostre lloc web de conformitat amb el Reial decret 1112\/2018, de 7 de setembre, sobre l\u2019accessibilitat dels llocs web i aplicacions per a dispositius m\u00f2bils del sector p\u00fablic (en endavant, Reial decret 1112\/2018, de 7 de setembre). Situaci\u00f3 de compliment Aquest lloc web \u00e9s parcialment conforme amb el Reial [&hellip;]<\/p>\n","protected":false},"author":12,"featured_media":0,"parent":0,"menu_order":0,"comment_status":"closed","ping_status":"closed","template":"","meta":{"footnotes":""},"class_list":["post-1296","page","type-page","status-publish","hentry"],"_links":{"self":[{"href":"https:\/\/suroprojectat.com\/es\/wp-json\/wp\/v2\/pages\/1296","targetHints":{"allow":["GET"]}}],"collection":[{"href":"https:\/\/suroprojectat.com\/es\/wp-json\/wp\/v2\/pages"}],"about":[{"href":"https:\/\/suroprojectat.com\/es\/wp-json\/wp\/v2\/types\/page"}],"author":[{"embeddable":true,"href":"https:\/\/suroprojectat.com\/es\/wp-json\/wp\/v2\/users\/12"}],"replies":[{"embeddable":true,"href":"https:\/\/suroprojectat.com\/es\/wp-json\/wp\/v2\/comments?post=1296"}],"version-history":[{"count":7,"href":"https:\/\/suroprojectat.com\/es\/wp-json\/wp\/v2\/pages\/1296\/revisions"}],"predecessor-version":[{"id":1322,"href":"https:\/\/suroprojectat.com\/es\/wp-json\/wp\/v2\/pages\/1296\/revisions\/1322"}],"wp:attachment":[{"href":"https:\/\/suroprojectat.com\/es\/wp-json\/wp\/v2\/media?parent=1296"}],"curies":[{"name":"wp","href":"https:\/\/api.w.org\/{rel}","templated":true}]}}