{"id":52,"date":"2016-03-03T18:51:18","date_gmt":"2016-03-03T18:51:18","guid":{"rendered":"http:\/\/suroprojectat.com\/?page_id=52"},"modified":"2025-08-25T06:36:26","modified_gmt":"2025-08-25T06:36:26","slug":"nuestros-proyectos-con-corcho-proyectado","status":"publish","type":"page","link":"https:\/\/suroprojectat.com\/es\/nuestros-proyectos-con-corcho-proyectado\/","title":{"rendered":"Nuestros proyectos"},"content":{"rendered":"\t\t<div data-elementor-type=\"wp-page\" data-elementor-id=\"52\" class=\"elementor elementor-52\" data-elementor-post-type=\"page\">\n\t\t\t\t<div class=\"elementor-element elementor-element-6852fd0 e-flex e-con-boxed e-con e-parent\" data-id=\"6852fd0\" data-element_type=\"container\" data-e-type=\"container\" data-settings=\"{&quot;background_background&quot;:&quot;slideshow&quot;,&quot;background_slideshow_gallery&quot;:[{&quot;id&quot;:259,&quot;url&quot;:&quot;http:\\\/\\\/suroprojectat.com\\\/wp-content\\\/uploads\\\/2016\\\/03\\\/DSC_0089.jpg&quot;},{&quot;id&quot;:501,&quot;url&quot;:&quot;http:\\\/\\\/suroprojectat.com\\\/wp-content\\\/uploads\\\/2016\\\/05\\\/ENCAPSULADO-ANTES-DESPUES-3.jpg&quot;},{&quot;id&quot;:460,&quot;url&quot;:&quot;http:\\\/\\\/suroprojectat.com\\\/wp-content\\\/uploads\\\/2016\\\/05\\\/PC120606.jpg&quot;}],&quot;background_slideshow_loop&quot;:&quot;yes&quot;,&quot;background_slideshow_slide_duration&quot;:5000,&quot;background_slideshow_slide_transition&quot;:&quot;fade&quot;,&quot;background_slideshow_transition_duration&quot;:500}\">\n\t\t\t\t\t<div class=\"e-con-inner\">\n\t\t\t\t<div class=\"elementor-element elementor-element-16be262 elementor-invisible elementor-widget elementor-widget-heading\" data-id=\"16be262\" data-element_type=\"widget\" data-e-type=\"widget\" data-settings=\"{&quot;_animation&quot;:&quot;fadeInUp&quot;}\" data-widget_type=\"heading.default\">\n\t\t\t\t\t<h1 class=\"elementor-heading-title elementor-size-default\">Els nostres projectes\u200b amb suro projectat<\/h1>\t\t\t\t<\/div>\n\t\t\t\t<div class=\"elementor-element elementor-element-9975985 elementor-widget__width-initial elementor-invisible elementor-widget elementor-widget-text-editor\" data-id=\"9975985\" data-element_type=\"widget\" data-e-type=\"widget\" data-settings=\"{&quot;_animation&quot;:&quot;fadeInUp&quot;,&quot;_animation_delay&quot;:400}\" data-widget_type=\"text-editor.default\">\n\t\t\t\t\t\t\t\t\t<p>Et convidem a con\u00e8ixer alguns dels nostres projectes amb suro projectat. Descobreix com transformem fa\u00e7anes, cobertes, interiors i molt m\u00e9s amb solucions sostenibles, eficients i d\u2019un gran valor est\u00e8tic.<\/p>\t\t\t\t\t\t\t\t<\/div>\n\t\t\t\t<div class=\"elementor-element elementor-element-a2217cf elementor-widget elementor-widget-breadcrumbs\" data-id=\"a2217cf\" data-element_type=\"widget\" data-e-type=\"widget\" data-widget_type=\"breadcrumbs.default\">\n\t\t\t\t<div class=\"elementor-widget-container\">\n\t\t\t\t\t<nav aria-label=\"breadcrumbs\" class=\"rank-math-breadcrumb\"><p><span class=\"last\">Inici<\/span><\/p><\/nav>\t\t\t\t<\/div>\n\t\t\t\t<\/div>\n\t\t\t\t\t<\/div>\n\t\t\t\t<\/div>\n\t\t<div class=\"elementor-element elementor-element-f107676 e-flex e-con-boxed e-con e-parent\" data-id=\"f107676\" data-element_type=\"container\" data-e-type=\"container\" data-settings=\"{&quot;background_background&quot;:&quot;classic&quot;}\">\n\t\t\t\t\t<div class=\"e-con-inner\">\n\t\t<div class=\"elementor-element elementor-element-ea6210a e-con-full e-flex e-con e-child\" data-id=\"ea6210a\" data-element_type=\"container\" data-e-type=\"container\">\n\t\t\t\t<div class=\"elementor-element elementor-element-2cbf3a1 elementor-widget elementor-widget-heading\" data-id=\"2cbf3a1\" data-element_type=\"widget\" data-e-type=\"widget\" data-widget_type=\"heading.default\">\n\t\t\t\t\t<h2 class=\"elementor-heading-title elementor-size-default\">Projectes realitzats<\/h2>\t\t\t\t<\/div>\n\t\t\t\t<div class=\"elementor-element elementor-element-dfa7898 elementor-widget elementor-widget-jet-listing-grid\" data-id=\"dfa7898\" data-element_type=\"widget\" data-e-type=\"widget\" data-settings=\"{&quot;columns&quot;:&quot;3&quot;,&quot;columns_tablet&quot;:&quot;2&quot;,&quot;columns_mobile&quot;:&quot;1&quot;}\" data-widget_type=\"jet-listing-grid.default\">\n\t\t\t\t\t<div class=\"jet-listing-grid jet-listing\"><div class=\"jet-listing-grid__items grid-col-desk-3 grid-col-tablet-2 grid-col-mobile-1 jet-listing-grid--905 jet-equal-columns__wrapper\" data-queried-id=\"52|WP_Post\" data-nav=\"{&quot;enabled&quot;:true,&quot;type&quot;:&quot;scroll&quot;,&quot;more_el&quot;:null,&quot;query&quot;:{&quot;post_status&quot;:[&quot;publish&quot;],&quot;post_type&quot;:&quot;projectes&quot;,&quot;posts_per_page&quot;:&quot;6&quot;,&quot;paged&quot;:&quot;1&quot;,&quot;ignore_sticky_posts&quot;:&quot;1&quot;,&quot;signature&quot;:&quot;9c291de184cead6fa78136356b7350ac23137874d57eeb866c02dd01416ce852&quot;},&quot;widget_settings&quot;:{&quot;lisitng_id&quot;:905,&quot;posts_num&quot;:6,&quot;columns&quot;:3,&quot;columns_tablet&quot;:2,&quot;columns_mobile&quot;:1,&quot;column_min_width&quot;:240,&quot;column_min_width_tablet&quot;:240,&quot;column_min_width_mobile&quot;:240,&quot;inline_columns_css&quot;:false,&quot;is_archive_template&quot;:&quot;&quot;,&quot;post_status&quot;:[&quot;publish&quot;],&quot;use_random_posts_num&quot;:&quot;&quot;,&quot;max_posts_num&quot;:9,&quot;not_found_message&quot;:&quot;No data was found&quot;,&quot;is_masonry&quot;:false,&quot;equal_columns_height&quot;:&quot;yes&quot;,&quot;use_load_more&quot;:&quot;yes&quot;,&quot;load_more_id&quot;:&quot;&quot;,&quot;load_more_type&quot;:&quot;scroll&quot;,&quot;load_more_offset&quot;:{&quot;unit&quot;:&quot;px&quot;,&quot;size&quot;:0,&quot;sizes&quot;:[]},&quot;use_custom_post_types&quot;:&quot;&quot;,&quot;custom_post_types&quot;:[],&quot;hide_widget_if&quot;:&quot;&quot;,&quot;carousel_enabled&quot;:&quot;&quot;,&quot;slides_to_scroll&quot;:&quot;1&quot;,&quot;arrows&quot;:&quot;true&quot;,&quot;arrow_icon&quot;:&quot;fa fa-angle-left&quot;,&quot;dots&quot;:&quot;&quot;,&quot;autoplay&quot;:&quot;true&quot;,&quot;pause_on_hover&quot;:&quot;true&quot;,&quot;autoplay_speed&quot;:5000,&quot;infinite&quot;:&quot;true&quot;,&quot;center_mode&quot;:&quot;&quot;,&quot;effect&quot;:&quot;slide&quot;,&quot;speed&quot;:500,&quot;inject_alternative_items&quot;:&quot;&quot;,&quot;injection_items&quot;:[],&quot;scroll_slider_enabled&quot;:&quot;&quot;,&quot;scroll_slider_on&quot;:[&quot;desktop&quot;,&quot;tablet&quot;,&quot;mobile&quot;],&quot;custom_query&quot;:false,&quot;custom_query_id&quot;:&quot;&quot;,&quot;_element_id&quot;:&quot;&quot;,&quot;collapse_first_last_gap&quot;:false,&quot;list_tag_selection&quot;:&quot;&quot;,&quot;list_items_wrapper_tag&quot;:&quot;div&quot;,&quot;list_item_tag&quot;:&quot;div&quot;,&quot;empty_items_wrapper_tag&quot;:&quot;div&quot;}}\" data-page=\"1\" data-pages=\"2\" data-listing-source=\"posts\" data-listing-id=\"905\" data-query-id=\"\"><div class=\"jet-listing-grid__item jet-listing-dynamic-post-1193 jet-equal-columns\" data-post-id=\"1193\"  ><div class=\"jet-engine-listing-overlay-wrap\" data-url=\"https:\/\/suroprojectat.com\/es\/proyectos\/restauracion-de-fachada-pinares\/\">\t\t<div data-elementor-type=\"jet-listing-items\" data-elementor-id=\"905\" class=\"elementor elementor-905\" data-elementor-post-type=\"jet-engine\">\n\t\t\t\t<a class=\"elementor-element elementor-element-26ca12b e-flex e-con-boxed e-con e-parent\" data-id=\"26ca12b\" data-element_type=\"container\" data-e-type=\"container\" data-settings=\"{&quot;background_background&quot;:&quot;classic&quot;}\" href=\"https:\/\/suroprojectat.com\/es\/proyectos\/restauracion-de-fachada-pinares\/\">\n\t\t\t\t\t<div class=\"e-con-inner\">\n\t\t<div class=\"elementor-element elementor-element-400e1be e-con-full e-flex elementor-invisible e-con e-child\" data-id=\"400e1be\" data-element_type=\"container\" data-e-type=\"container\" data-settings=\"{&quot;animation&quot;:&quot;fadeInUp&quot;,&quot;animation_delay&quot;:500}\">\n\t\t\t\t<div class=\"elementor-element elementor-element-ad7c059 elementor-widget elementor-widget-image\" data-id=\"ad7c059\" data-element_type=\"widget\" data-e-type=\"widget\" data-widget_type=\"image.default\">\n\t\t\t\t\t\t\t\t\t\t\t\t\t\t\t<img fetchpriority=\"high\" decoding=\"async\" width=\"3104\" height=\"1746\" src=\"https:\/\/suroprojectat.com\/wp-content\/uploads\/2016\/03\/DSC_0285.jpg\" class=\"elementor-animation-float attachment-full size-full wp-image-395\" alt=\"\" srcset=\"https:\/\/suroprojectat.com\/wp-content\/uploads\/2016\/03\/DSC_0285.jpg 3104w, https:\/\/suroprojectat.com\/wp-content\/uploads\/2016\/03\/DSC_0285-300x169.jpg 300w, https:\/\/suroprojectat.com\/wp-content\/uploads\/2016\/03\/DSC_0285-768x432.jpg 768w, https:\/\/suroprojectat.com\/wp-content\/uploads\/2016\/03\/DSC_0285-1024x576.jpg 1024w, https:\/\/suroprojectat.com\/wp-content\/uploads\/2016\/03\/DSC_0285-1080x608.jpg 1080w\" sizes=\"(max-width: 3104px) 100vw, 3104px\" title=\"\">\t\t\t\t\t\t\t\t\t\t\t\t\t\t\t<\/div>\n\t\t\t\t<div class=\"elementor-element elementor-element-3a9c53a elementor-widget elementor-widget-heading\" data-id=\"3a9c53a\" data-element_type=\"widget\" data-e-type=\"widget\" data-widget_type=\"heading.default\">\n\t\t\t\t\t<h3 class=\"elementor-heading-title elementor-size-default\">Restauraci\u00f3 de fa\u00e7ana (Pinedes)<\/h3>\t\t\t\t<\/div>\n\t\t\t\t<\/div>\n\t\t\t\t\t<\/div>\n\t\t\t\t<\/a>\n\t\t\t\t<\/div>\n\t\t<a href=\"https:\/\/suroprojectat.com\/es\/proyectos\/restauracion-de-fachada-pinares\/\" class=\"jet-engine-listing-overlay-link\"><\/a><\/div><\/div><div class=\"jet-listing-grid__item jet-listing-dynamic-post-1192 jet-equal-columns\" data-post-id=\"1192\"  ><div class=\"jet-engine-listing-overlay-wrap\" data-url=\"https:\/\/suroprojectat.com\/es\/proyectos\/restauracion-de-fachada-laverno\/\">\t\t<div data-elementor-type=\"jet-listing-items\" data-elementor-id=\"905\" class=\"elementor elementor-905\" data-elementor-post-type=\"jet-engine\">\n\t\t\t\t<a class=\"elementor-element elementor-element-26ca12b e-flex e-con-boxed e-con e-parent\" data-id=\"26ca12b\" data-element_type=\"container\" data-e-type=\"container\" data-settings=\"{&quot;background_background&quot;:&quot;classic&quot;}\" href=\"https:\/\/suroprojectat.com\/es\/proyectos\/restauracion-de-fachada-laverno\/\">\n\t\t\t\t\t<div class=\"e-con-inner\">\n\t\t<div class=\"elementor-element elementor-element-400e1be e-con-full e-flex elementor-invisible e-con e-child\" data-id=\"400e1be\" data-element_type=\"container\" data-e-type=\"container\" data-settings=\"{&quot;animation&quot;:&quot;fadeInUp&quot;,&quot;animation_delay&quot;:500}\">\n\t\t\t\t<div class=\"elementor-element elementor-element-ad7c059 elementor-widget elementor-widget-image\" data-id=\"ad7c059\" data-element_type=\"widget\" data-e-type=\"widget\" data-widget_type=\"image.default\">\n\t\t\t\t\t\t\t\t\t\t\t\t\t\t\t<img decoding=\"async\" width=\"1000\" height=\"563\" src=\"https:\/\/suroprojectat.com\/wp-content\/uploads\/2016\/05\/DSC_0372.jpg\" class=\"elementor-animation-float attachment-full size-full wp-image-409\" alt=\"\" srcset=\"https:\/\/suroprojectat.com\/wp-content\/uploads\/2016\/05\/DSC_0372.jpg 1000w, https:\/\/suroprojectat.com\/wp-content\/uploads\/2016\/05\/DSC_0372-300x169.jpg 300w, https:\/\/suroprojectat.com\/wp-content\/uploads\/2016\/05\/DSC_0372-768x432.jpg 768w\" sizes=\"(max-width: 1000px) 100vw, 1000px\" title=\"\">\t\t\t\t\t\t\t\t\t\t\t\t\t\t\t<\/div>\n\t\t\t\t<div class=\"elementor-element elementor-element-3a9c53a elementor-widget elementor-widget-heading\" data-id=\"3a9c53a\" data-element_type=\"widget\" data-e-type=\"widget\" data-widget_type=\"heading.default\">\n\t\t\t\t\t<h3 class=\"elementor-heading-title elementor-size-default\">Restauraci\u00f3 de fa\u00e7ana (L\u2019avern)<\/h3>\t\t\t\t<\/div>\n\t\t\t\t<\/div>\n\t\t\t\t\t<\/div>\n\t\t\t\t<\/a>\n\t\t\t\t<\/div>\n\t\t<a href=\"https:\/\/suroprojectat.com\/es\/proyectos\/restauracion-de-fachada-laverno\/\" class=\"jet-engine-listing-overlay-link\"><\/a><\/div><\/div><div class=\"jet-listing-grid__item jet-listing-dynamic-post-1190 jet-equal-columns\" data-post-id=\"1190\"  ><div class=\"jet-engine-listing-overlay-wrap\" data-url=\"https:\/\/suroprojectat.com\/es\/proyectos\/impermeabilizacion-de-una-terraza\/\">\t\t<div data-elementor-type=\"jet-listing-items\" data-elementor-id=\"905\" class=\"elementor elementor-905\" data-elementor-post-type=\"jet-engine\">\n\t\t\t\t<a class=\"elementor-element elementor-element-26ca12b e-flex e-con-boxed e-con e-parent\" data-id=\"26ca12b\" data-element_type=\"container\" data-e-type=\"container\" data-settings=\"{&quot;background_background&quot;:&quot;classic&quot;}\" href=\"https:\/\/suroprojectat.com\/es\/proyectos\/impermeabilizacion-de-una-terraza\/\">\n\t\t\t\t\t<div class=\"e-con-inner\">\n\t\t<div class=\"elementor-element elementor-element-400e1be e-con-full e-flex elementor-invisible e-con e-child\" data-id=\"400e1be\" data-element_type=\"container\" data-e-type=\"container\" data-settings=\"{&quot;animation&quot;:&quot;fadeInUp&quot;,&quot;animation_delay&quot;:500}\">\n\t\t\t\t<div class=\"elementor-element elementor-element-ad7c059 elementor-widget elementor-widget-image\" data-id=\"ad7c059\" data-element_type=\"widget\" data-e-type=\"widget\" data-widget_type=\"image.default\">\n\t\t\t\t\t\t\t\t\t\t\t\t\t\t\t<img decoding=\"async\" width=\"1000\" height=\"563\" src=\"https:\/\/suroprojectat.com\/wp-content\/uploads\/2016\/03\/DSC_0333.jpg\" class=\"elementor-animation-float attachment-full size-full wp-image-429\" alt=\"\" srcset=\"https:\/\/suroprojectat.com\/wp-content\/uploads\/2016\/03\/DSC_0333.jpg 1000w, https:\/\/suroprojectat.com\/wp-content\/uploads\/2016\/03\/DSC_0333-300x169.jpg 300w, https:\/\/suroprojectat.com\/wp-content\/uploads\/2016\/03\/DSC_0333-768x432.jpg 768w\" sizes=\"(max-width: 1000px) 100vw, 1000px\" title=\"\">\t\t\t\t\t\t\t\t\t\t\t\t\t\t\t<\/div>\n\t\t\t\t<div class=\"elementor-element elementor-element-3a9c53a elementor-widget elementor-widget-heading\" data-id=\"3a9c53a\" data-element_type=\"widget\" data-e-type=\"widget\" data-widget_type=\"heading.default\">\n\t\t\t\t\t<h3 class=\"elementor-heading-title elementor-size-default\">Impermeabilitzaci\u00f3 d\u2019una terrassa<\/h3>\t\t\t\t<\/div>\n\t\t\t\t<\/div>\n\t\t\t\t\t<\/div>\n\t\t\t\t<\/a>\n\t\t\t\t<\/div>\n\t\t<a href=\"https:\/\/suroprojectat.com\/es\/proyectos\/impermeabilizacion-de-una-terraza\/\" class=\"jet-engine-listing-overlay-link\"><\/a><\/div><\/div><div class=\"jet-listing-grid__item jet-listing-dynamic-post-1189 jet-equal-columns\" data-post-id=\"1189\"  ><div class=\"jet-engine-listing-overlay-wrap\" data-url=\"https:\/\/suroprojectat.com\/es\/proyectos\/impermeabilizacion-de-azotea-avinyonet\/\">\t\t<div data-elementor-type=\"jet-listing-items\" data-elementor-id=\"905\" class=\"elementor elementor-905\" data-elementor-post-type=\"jet-engine\">\n\t\t\t\t<a class=\"elementor-element elementor-element-26ca12b e-flex e-con-boxed e-con e-parent\" data-id=\"26ca12b\" data-element_type=\"container\" data-e-type=\"container\" data-settings=\"{&quot;background_background&quot;:&quot;classic&quot;}\" href=\"https:\/\/suroprojectat.com\/es\/proyectos\/impermeabilizacion-de-azotea-avinyonet\/\">\n\t\t\t\t\t<div class=\"e-con-inner\">\n\t\t<div class=\"elementor-element elementor-element-400e1be e-con-full e-flex elementor-invisible e-con e-child\" data-id=\"400e1be\" data-element_type=\"container\" data-e-type=\"container\" data-settings=\"{&quot;animation&quot;:&quot;fadeInUp&quot;,&quot;animation_delay&quot;:500}\">\n\t\t\t\t<div class=\"elementor-element elementor-element-ad7c059 elementor-widget elementor-widget-image\" data-id=\"ad7c059\" data-element_type=\"widget\" data-e-type=\"widget\" data-widget_type=\"image.default\">\n\t\t\t\t\t\t\t\t\t\t\t\t\t\t\t<img loading=\"lazy\" decoding=\"async\" width=\"1000\" height=\"563\" src=\"https:\/\/suroprojectat.com\/wp-content\/uploads\/2016\/05\/DSC_0104.jpg\" class=\"elementor-animation-float attachment-full size-full wp-image-233\" alt=\"\" srcset=\"https:\/\/suroprojectat.com\/wp-content\/uploads\/2016\/05\/DSC_0104.jpg 1000w, https:\/\/suroprojectat.com\/wp-content\/uploads\/2016\/05\/DSC_0104-300x169.jpg 300w, https:\/\/suroprojectat.com\/wp-content\/uploads\/2016\/05\/DSC_0104-768x432.jpg 768w\" sizes=\"(max-width: 1000px) 100vw, 1000px\" title=\"\">\t\t\t\t\t\t\t\t\t\t\t\t\t\t\t<\/div>\n\t\t\t\t<div class=\"elementor-element elementor-element-3a9c53a elementor-widget elementor-widget-heading\" data-id=\"3a9c53a\" data-element_type=\"widget\" data-e-type=\"widget\" data-widget_type=\"heading.default\">\n\t\t\t\t\t<h3 class=\"elementor-heading-title elementor-size-default\">Impermeabilitzaci\u00f3 de terrat (Avinyonet)<\/h3>\t\t\t\t<\/div>\n\t\t\t\t<\/div>\n\t\t\t\t\t<\/div>\n\t\t\t\t<\/a>\n\t\t\t\t<\/div>\n\t\t<a href=\"https:\/\/suroprojectat.com\/es\/proyectos\/impermeabilizacion-de-azotea-avinyonet\/\" class=\"jet-engine-listing-overlay-link\"><\/a><\/div><\/div><div class=\"jet-listing-grid__item jet-listing-dynamic-post-1188 jet-equal-columns\" data-post-id=\"1188\"  ><div class=\"jet-engine-listing-overlay-wrap\" data-url=\"https:\/\/suroprojectat.com\/es\/proyectos\/aislamiento-termico-en-tejado-alcanar\/\">\t\t<div data-elementor-type=\"jet-listing-items\" data-elementor-id=\"905\" class=\"elementor elementor-905\" data-elementor-post-type=\"jet-engine\">\n\t\t\t\t<a class=\"elementor-element elementor-element-26ca12b e-flex e-con-boxed e-con e-parent\" data-id=\"26ca12b\" data-element_type=\"container\" data-e-type=\"container\" data-settings=\"{&quot;background_background&quot;:&quot;classic&quot;}\" href=\"https:\/\/suroprojectat.com\/es\/proyectos\/aislamiento-termico-en-tejado-alcanar\/\">\n\t\t\t\t\t<div class=\"e-con-inner\">\n\t\t<div class=\"elementor-element elementor-element-400e1be e-con-full e-flex elementor-invisible e-con e-child\" data-id=\"400e1be\" data-element_type=\"container\" data-e-type=\"container\" data-settings=\"{&quot;animation&quot;:&quot;fadeInUp&quot;,&quot;animation_delay&quot;:500}\">\n\t\t\t\t<div class=\"elementor-element elementor-element-ad7c059 elementor-widget elementor-widget-image\" data-id=\"ad7c059\" data-element_type=\"widget\" data-e-type=\"widget\" data-widget_type=\"image.default\">\n\t\t\t\t\t\t\t\t\t\t\t\t\t\t\t<img loading=\"lazy\" decoding=\"async\" width=\"1000\" height=\"563\" src=\"https:\/\/suroprojectat.com\/wp-content\/uploads\/2016\/05\/DSC_0014-1.jpg\" class=\"elementor-animation-float attachment-full size-full wp-image-441\" alt=\"\" srcset=\"https:\/\/suroprojectat.com\/wp-content\/uploads\/2016\/05\/DSC_0014-1.jpg 1000w, https:\/\/suroprojectat.com\/wp-content\/uploads\/2016\/05\/DSC_0014-1-300x169.jpg 300w, https:\/\/suroprojectat.com\/wp-content\/uploads\/2016\/05\/DSC_0014-1-768x432.jpg 768w\" sizes=\"(max-width: 1000px) 100vw, 1000px\" title=\"\">\t\t\t\t\t\t\t\t\t\t\t\t\t\t\t<\/div>\n\t\t\t\t<div class=\"elementor-element elementor-element-3a9c53a elementor-widget elementor-widget-heading\" data-id=\"3a9c53a\" data-element_type=\"widget\" data-e-type=\"widget\" data-widget_type=\"heading.default\">\n\t\t\t\t\t<h3 class=\"elementor-heading-title elementor-size-default\">A\u00efllament t\u00e8rmic a teulada (Alcanar)<\/h3>\t\t\t\t<\/div>\n\t\t\t\t<\/div>\n\t\t\t\t\t<\/div>\n\t\t\t\t<\/a>\n\t\t\t\t<\/div>\n\t\t<a href=\"https:\/\/suroprojectat.com\/es\/proyectos\/aislamiento-termico-en-tejado-alcanar\/\" class=\"jet-engine-listing-overlay-link\"><\/a><\/div><\/div><div class=\"jet-listing-grid__item jet-listing-dynamic-post-1187 jet-equal-columns\" data-post-id=\"1187\"  ><div class=\"jet-engine-listing-overlay-wrap\" data-url=\"https:\/\/suroprojectat.com\/es\/proyectos\/restauracion-de-canal-pluvial-es\/\">\t\t<div data-elementor-type=\"jet-listing-items\" data-elementor-id=\"905\" class=\"elementor elementor-905\" data-elementor-post-type=\"jet-engine\">\n\t\t\t\t<a class=\"elementor-element elementor-element-26ca12b e-flex e-con-boxed e-con e-parent\" data-id=\"26ca12b\" data-element_type=\"container\" data-e-type=\"container\" data-settings=\"{&quot;background_background&quot;:&quot;classic&quot;}\" href=\"https:\/\/suroprojectat.com\/es\/proyectos\/restauracion-de-canal-pluvial-es\/\">\n\t\t\t\t\t<div class=\"e-con-inner\">\n\t\t<div class=\"elementor-element elementor-element-400e1be e-con-full e-flex elementor-invisible e-con e-child\" data-id=\"400e1be\" data-element_type=\"container\" data-e-type=\"container\" data-settings=\"{&quot;animation&quot;:&quot;fadeInUp&quot;,&quot;animation_delay&quot;:500}\">\n\t\t\t\t<div class=\"elementor-element elementor-element-ad7c059 elementor-widget elementor-widget-image\" data-id=\"ad7c059\" data-element_type=\"widget\" data-e-type=\"widget\" data-widget_type=\"image.default\">\n\t\t\t\t\t\t\t\t\t\t\t\t\t\t\t<img loading=\"lazy\" decoding=\"async\" width=\"3104\" height=\"1746\" src=\"https:\/\/suroprojectat.com\/wp-content\/uploads\/2016\/05\/DSC_0342.jpg\" class=\"elementor-animation-float attachment-full size-full wp-image-445\" alt=\"\" srcset=\"https:\/\/suroprojectat.com\/wp-content\/uploads\/2016\/05\/DSC_0342.jpg 3104w, https:\/\/suroprojectat.com\/wp-content\/uploads\/2016\/05\/DSC_0342-300x169.jpg 300w, https:\/\/suroprojectat.com\/wp-content\/uploads\/2016\/05\/DSC_0342-768x432.jpg 768w, https:\/\/suroprojectat.com\/wp-content\/uploads\/2016\/05\/DSC_0342-1024x576.jpg 1024w, https:\/\/suroprojectat.com\/wp-content\/uploads\/2016\/05\/DSC_0342-1080x608.jpg 1080w\" sizes=\"(max-width: 3104px) 100vw, 3104px\" title=\"\">\t\t\t\t\t\t\t\t\t\t\t\t\t\t\t<\/div>\n\t\t\t\t<div class=\"elementor-element elementor-element-3a9c53a elementor-widget elementor-widget-heading\" data-id=\"3a9c53a\" data-element_type=\"widget\" data-e-type=\"widget\" data-widget_type=\"heading.default\">\n\t\t\t\t\t<h3 class=\"elementor-heading-title elementor-size-default\">Restauraci\u00f3n de canal pluvial<\/h3>\t\t\t\t<\/div>\n\t\t\t\t<\/div>\n\t\t\t\t\t<\/div>\n\t\t\t\t<\/a>\n\t\t\t\t<\/div>\n\t\t<a href=\"https:\/\/suroprojectat.com\/es\/proyectos\/restauracion-de-canal-pluvial-es\/\" class=\"jet-engine-listing-overlay-link\"><\/a><\/div><\/div><\/div><\/div>\t\t\t\t<\/div>\n\t\t\t\t<\/div>\n\t\t\t\t\t<\/div>\n\t\t\t\t<\/div>\n\t\t<div class=\"elementor-element elementor-element-4c0b854 e-con-full e-flex e-con e-parent\" data-id=\"4c0b854\" data-element_type=\"container\" data-e-type=\"container\">\n\t\t\t\t<div class=\"elementor-element elementor-element-dea3125 elementor-widget elementor-widget-template\" data-id=\"dea3125\" data-element_type=\"widget\" data-e-type=\"widget\" data-widget_type=\"template.default\">\n\t\t\t\t<div class=\"elementor-widget-container\">\n\t\t\t\t\t\t\t<div class=\"elementor-template\">\n\t\t\t\t\t<div data-elementor-type=\"container\" data-elementor-id=\"1106\" class=\"elementor elementor-1106\" data-elementor-post-type=\"elementor_library\">\n\t\t\t\t<div class=\"elementor-element elementor-element-5b59d2bd e-flex e-con-boxed e-con e-parent\" data-id=\"5b59d2bd\" data-element_type=\"container\" data-e-type=\"container\" data-settings=\"{&quot;background_background&quot;:&quot;classic&quot;}\">\n\t\t\t\t\t<div class=\"e-con-inner\">\n\t\t<div class=\"elementor-element elementor-element-59c62172 e-con-full e-flex e-con e-child\" data-id=\"59c62172\" data-element_type=\"container\" data-e-type=\"container\">\n\t\t\t\t<div class=\"elementor-element elementor-element-65b86e5b elementor-invisible elementor-widget elementor-widget-heading\" data-id=\"65b86e5b\" data-element_type=\"widget\" data-e-type=\"widget\" data-settings=\"{&quot;_animation&quot;:&quot;fadeInUp&quot;,&quot;_animation_delay&quot;:200}\" data-widget_type=\"heading.default\">\n\t\t\t\t\t<h2 class=\"elementor-heading-title elementor-size-default\">Vols millorar l\u2019efici\u00e8ncia i el confort del teu espai?<\/h2>\t\t\t\t<\/div>\n\t\t\t\t<div class=\"elementor-element elementor-element-294b2153 elementor-widget__width-initial elementor-invisible elementor-widget elementor-widget-text-editor\" data-id=\"294b2153\" data-element_type=\"widget\" data-e-type=\"widget\" data-settings=\"{&quot;_animation&quot;:&quot;fadeInUp&quot;,&quot;_animation_delay&quot;:400}\" data-widget_type=\"text-editor.default\">\n\t\t\t\t\t\t\t\t\t<p>A SUROMIRA t\u2019oferim solucions sostenibles amb suro projectat per a\u00efllar, protegir i donar un acabat \u00fanic a la teva llar o edifici. Contacta amb nosaltres i t\u2019assessorarem sense comprom\u00eds.<\/p>\t\t\t\t\t\t\t\t<\/div>\n\t\t\t\t<div class=\"elementor-element elementor-element-4ea113eb elementor-align-center elementor-mobile-align-center elementor-widget elementor-widget-button\" data-id=\"4ea113eb\" data-element_type=\"widget\" data-e-type=\"widget\" data-widget_type=\"button.default\">\n\t\t\t\t\t\t\t\t\t\t<a class=\"elementor-button elementor-button-link elementor-size-sm\" href=\"https:\/\/suroprojectat.com\/es\/contacto-con-expertos-en-corcho-proyectado\/\">\n\t\t\t\t\t\t<span class=\"elementor-button-content-wrapper\">\n\t\t\t\t\t\t<span class=\"elementor-button-icon\">\n\t\t\t\t<i aria-hidden=\"true\" class=\"icon icon-phone1\"><\/i>\t\t\t<\/span>\n\t\t\t\t\t\t\t\t\t<span class=\"elementor-button-text\">Demana pressupost<\/span>\n\t\t\t\t\t<\/span>\n\t\t\t\t\t<\/a>\n\t\t\t\t\t\t\t\t<\/div>\n\t\t\t\t<\/div>\n\t\t\t\t\t<\/div>\n\t\t\t\t<\/div>\n\t\t\t\t<\/div>\n\t\t\t\t<\/div>\n\t\t\t\t\t\t<\/div>\n\t\t\t\t<\/div>\n\t\t\t\t<\/div>\n\t\t\t\t<\/div>\n\t\t","protected":false},"excerpt":{"rendered":"<p>Els nostres projectes\u200b amb suro projectat Et convidem a con\u00e8ixer alguns dels nostres projectes amb suro projectat. Descobreix com transformem fa\u00e7anes, cobertes, interiors i molt m\u00e9s amb solucions sostenibles, eficients i d\u2019un gran valor est\u00e8tic. Inici Projectes realitzats<\/p>","protected":false},"author":12,"featured_media":0,"parent":0,"menu_order":0,"comment_status":"closed","ping_status":"closed","template":"","meta":{"footnotes":""},"class_list":["post-52","page","type-page","status-publish","hentry"],"_links":{"self":[{"href":"https:\/\/suroprojectat.com\/es\/wp-json\/wp\/v2\/pages\/52","targetHints":{"allow":["GET"]}}],"collection":[{"href":"https:\/\/suroprojectat.com\/es\/wp-json\/wp\/v2\/pages"}],"about":[{"href":"https:\/\/suroprojectat.com\/es\/wp-json\/wp\/v2\/types\/page"}],"author":[{"embeddable":true,"href":"https:\/\/suroprojectat.com\/es\/wp-json\/wp\/v2\/users\/12"}],"replies":[{"embeddable":true,"href":"https:\/\/suroprojectat.com\/es\/wp-json\/wp\/v2\/comments?post=52"}],"version-history":[{"count":42,"href":"https:\/\/suroprojectat.com\/es\/wp-json\/wp\/v2\/pages\/52\/revisions"}],"predecessor-version":[{"id":1630,"href":"https:\/\/suroprojectat.com\/es\/wp-json\/wp\/v2\/pages\/52\/revisions\/1630"}],"wp:attachment":[{"href":"https:\/\/suroprojectat.com\/es\/wp-json\/wp\/v2\/media?parent=52"}],"curies":[{"name":"wp","href":"https:\/\/api.w.org\/{rel}","templated":true}]}}